{"id":2317,"date":"2023-11-13T21:02:54","date_gmt":"2023-11-13T21:02:54","guid":{"rendered":"https:\/\/viktoria.mirski.ee\/?page_id=2317"},"modified":"2023-12-04T14:54:51","modified_gmt":"2023-12-04T12:54:51","slug":"egiptus","status":"publish","type":"page","link":"https:\/\/viktoria.mirski.ee\/ru\/egiptus\/","title":{"rendered":"\u0415\u0433\u0438\u043f\u0435\u0442"},"content":{"rendered":"<div data-elementor-type=\"wp-page\" data-elementor-id=\"2317\" class=\"elementor elementor-2317\">\n\t\t\t\t<div class=\"elementor-element elementor-element-0f7d544 e-con-full e-flex e-con e-parent\" data-id=\"0f7d544\" data-element_type=\"container\" data-e-type=\"container\" data-settings=\"{&quot;background_background&quot;:&quot;classic&quot;}\">\n\t\t\t\t<div class=\"elementor-element elementor-element-51366eb elementor-widget__width-inherit elementor-widget elementor-widget-heading\" data-id=\"51366eb\" data-element_type=\"widget\" data-e-type=\"widget\" data-widget_type=\"heading.default\">\n\t\t\t\t<div class=\"elementor-widget-container\">\n\t\t\t\t\t<h2 class=\"elementor-heading-title elementor-size-default\">EGIPTUS<\/h2>\t\t\t\t<\/div>\n\t\t\t\t<\/div>\n\t\t<div class=\"elementor-element elementor-element-4a8d277 e-con-full e-flex e-con e-child\" data-id=\"4a8d277\" data-element_type=\"container\" data-e-type=\"container\">\n\t\t\t\t<div class=\"elementor-element elementor-element-77d5e54 elementor-widget elementor-widget-text-editor\" data-id=\"77d5e54\" data-element_type=\"widget\" data-e-type=\"widget\" data-widget_type=\"text-editor.default\">\n\t\t\t\t<div class=\"elementor-widget-container\">\n\t\t\t\t\t\t\t\t\t<p>Puhas vesi, korallrifid ja unikaalsed sukeldumis-v\u00f5imalused t\u00f5id tormilistel 80-ndatel aastatel turismihuvi Egiptusesse.<\/p><p>\u00a0<\/p><p>T\u00e4naseks on Hurghada ja Sharm El Sheikh Euroopa, Ameerika, Egiptuse ja araabia turistide seas populaarsed kuurordid.<\/p><p>\u00a0<\/p><p>Hurghada on eriti armastatud snorkeldamis- ja sukeldumisv\u00f5imaluste t\u00f5ttu, siin on palju kauneid ja unikaalseid korallriffe. Populaarsed ajaveetmisviisid on s\u00fcgavmere kalap\u00fc\u00fck, lainelaudlemine ja purjetamine.<\/p><p>\u00a0<\/p><p>Kiiresti ja ekspansiivselt arenev Sharm El Sheikh Siinai kagurannikul pakub midagi igale maitsele. Sooja merd ja p\u00e4ikest k\u00f5igile, m\u00f5nusat \u00e4raolemist 5* luksushotellide hiigel territooriumitel v\u00f5i odavat majutust ja piisavalt tegevust seiklushimulistele ja l\u00f5bujanulistele.<\/p>\t\t\t\t\t\t\t\t<\/div>\n\t\t\t\t<\/div>\n\t\t\t\t<\/div>\n\t\t<div class=\"elementor-element elementor-element-784a1c3 e-con-full e-flex e-con e-child\" data-id=\"784a1c3\" data-element_type=\"container\" data-e-type=\"container\">\n\t\t\t\t<div class=\"elementor-element elementor-element-823542b elementor-widget elementor-widget-heading\" data-id=\"823542b\" data-element_type=\"widget\" data-e-type=\"widget\" data-widget_type=\"heading.default\">\n\t\t\t\t<div class=\"elementor-widget-container\">\n\t\t\t\t\t<h2 class=\"elementor-heading-title elementor-size-default\"><b>\u041a\u0430\u043b\u0435\u043d\u0434\u0430\u0440\u044c \u043f\u0443\u0442\u0435\u0448\u0435\u0441\u0442\u0432\u0438\u0439<\/b><\/h2>\t\t\t\t<\/div>\n\t\t\t\t<\/div>\n\t\t\t\t<div class=\"elementor-element elementor-element-df758a7 elementor-widget elementor-widget-text-editor\" data-id=\"df758a7\" data-element_type=\"widget\" data-e-type=\"widget\" data-widget_type=\"text-editor.default\">\n\t\t\t\t<div class=\"elementor-widget-container\">\n\t\t\t\t\t\t\t\t\t<p><strong>Reisid Hurghadasse, Sharm El Sheikhi ja Marsa Alami iga n\u00e4dal kestvusega alates 2 &#8211; 21 p\u00e4eva<\/strong><\/p><p>\u00a0<\/p><p><strong>Niiluse kruiisid 7 \u00f6\u00f6d<\/strong><\/p><p>\u00a0<\/p><p>\u0421\u043f\u0440\u0430\u0448\u0438\u0432\u0430\u0439\u0442\u0435 \u043f\u0440\u0435\u0434\u043b\u043e\u0436\u0435\u043d\u0438\u044f!<\/p><p>info@nktours.ee<\/p>\t\t\t\t\t\t\t\t<\/div>\n\t\t\t\t<\/div>\n\t\t\t\t<\/div>\n\t\t<div class=\"elementor-element elementor-element-8deb3c4 e-con-full e-flex e-con e-child\" data-id=\"8deb3c4\" data-element_type=\"container\" data-e-type=\"container\">\n\t\t\t\t<div class=\"elementor-element elementor-element-9900763 elementor-widget elementor-widget-heading\" data-id=\"9900763\" data-element_type=\"widget\" data-e-type=\"widget\" data-widget_type=\"heading.default\">\n\t\t\t\t<div class=\"elementor-widget-container\">\n\t\t\t\t\t<h2 class=\"elementor-heading-title elementor-size-default\"><b>\u041e\u0442\u0435\u043b\u0438\n<\/h2>\t\t\t\t<\/div>\n\t\t\t\t<\/div>\n\t\t<div class=\"elementor-element elementor-element-f87f01e e-con-full e-flex e-con e-child\" data-id=\"f87f01e\" data-element_type=\"container\" data-e-type=\"container\">\n\t\t\t\t<div class=\"elementor-element elementor-element-13348ec elementor-widget elementor-widget-heading\" data-id=\"13348ec\" data-element_type=\"widget\" data-e-type=\"widget\" data-widget_type=\"heading.default\">\n\t\t\t\t<div class=\"elementor-widget-container\">\n\t\t\t\t\t<h2 class=\"elementor-heading-title elementor-size-default\">Hurghada<\/h2>\t\t\t\t<\/div>\n\t\t\t\t<\/div>\n\t\t<div class=\"elementor-element elementor-element-8f8c70d e-con-full e-flex e-con e-child\" data-id=\"8f8c70d\" data-element_type=\"container\" data-e-type=\"container\">\n\t\t<div class=\"elementor-element elementor-element-4eef66e e-con-full e-flex e-con e-child\" data-id=\"4eef66e\" data-element_type=\"container\" data-e-type=\"container\">\n\t\t\t\t<div class=\"elementor-element elementor-element-daae6f9 elementor-widget__width-inherit elementor-arrows-position-inside elementor-pagination-position-outside elementor-widget elementor-widget-image-carousel\" data-id=\"daae6f9\" data-element_type=\"widget\" data-e-type=\"widget\" data-settings=\"{&quot;navigation&quot;:&quot;both&quot;,&quot;autoplay&quot;:&quot;yes&quot;,&quot;pause_on_hover&quot;:&quot;yes&quot;,&quot;pause_on_interaction&quot;:&quot;yes&quot;,&quot;autoplay_speed&quot;:5000,&quot;infinite&quot;:&quot;yes&quot;,&quot;speed&quot;:500}\" data-widget_type=\"image-carousel.default\">\n\t\t\t\t<div class=\"elementor-widget-container\">\n\t\t\t\t\t\t\t<div class=\"elementor-image-carousel-wrapper swiper\" role=\"region\" aria-roledescription=\"carousel\" aria-label=\"Image Carousel\" dir=\"ltr\">\n\t\t\t<div class=\"elementor-image-carousel swiper-wrapper\" aria-live=\"off\">\n\t\t\t\t\t\t\t\t<div class=\"swiper-slide\" role=\"group\" aria-roledescription=\"slide\" aria-label=\"1 \u0438\u0437 2\"><figure class=\"swiper-slide-inner\"><img decoding=\"async\" class=\"swiper-slide-image\" src=\"https:\/\/viktoria.mirski.ee\/wp-content\/uploads\/2023\/11\/4277738-2-150x150.jpg\" alt=\"4277738\" \/><\/figure><\/div><div class=\"swiper-slide\" role=\"group\" aria-roledescription=\"slide\" aria-label=\"2 \u0438\u0437 2\"><figure class=\"swiper-slide-inner\"><img decoding=\"async\" class=\"swiper-slide-image\" src=\"https:\/\/viktoria.mirski.ee\/wp-content\/uploads\/2023\/11\/rixos-seagate-4-150x150.jpg\" alt=\"rixos seagate 4\" \/><\/figure><\/div>\t\t\t<\/div>\n\t\t\t\t\t\t\t\t\t\t\t\t<div class=\"elementor-swiper-button elementor-swiper-button-prev\" role=\"button\" tabindex=\"0\">\n\t\t\t\t\t\t<i aria-hidden=\"true\" class=\"eicon-chevron-left\"><\/i>\t\t\t\t\t<\/div>\n\t\t\t\t\t<div class=\"elementor-swiper-button elementor-swiper-button-next\" role=\"button\" tabindex=\"0\">\n\t\t\t\t\t\t<i aria-hidden=\"true\" class=\"eicon-chevron-right\"><\/i>\t\t\t\t\t<\/div>\n\t\t\t\t\n\t\t\t\t\t\t\t\t\t<div class=\"swiper-pagination\"><\/div>\n\t\t\t\t\t\t\t\t\t<\/div>\n\t\t\t\t\t\t<\/div>\n\t\t\t\t<\/div>\n\t\t\t\t<\/div>\n\t\t<div class=\"elementor-element elementor-element-433cb96 e-con-full e-flex e-con e-child\" data-id=\"433cb96\" data-element_type=\"container\" data-e-type=\"container\">\n\t\t\t\t<\/div>\n\t\t\t\t<\/div>\n\t\t\t\t<\/div>\n\t\t<div class=\"elementor-element elementor-element-aab1cdc e-con-full e-flex e-con e-child\" data-id=\"aab1cdc\" data-element_type=\"container\" data-e-type=\"container\">\n\t\t\t\t<div class=\"elementor-element elementor-element-3fef27e elementor-widget elementor-widget-heading\" data-id=\"3fef27e\" data-element_type=\"widget\" data-e-type=\"widget\" data-widget_type=\"heading.default\">\n\t\t\t\t<div class=\"elementor-widget-container\">\n\t\t\t\t\t<h2 class=\"elementor-heading-title elementor-size-default\">Sharm El Sheikh<\/h2>\t\t\t\t<\/div>\n\t\t\t\t<\/div>\n\t\t<div class=\"elementor-element elementor-element-30f1060 e-con-full e-flex e-con e-child\" data-id=\"30f1060\" data-element_type=\"container\" data-e-type=\"container\">\n\t\t<div class=\"elementor-element elementor-element-ff67c75 e-con-full e-flex e-con e-child\" data-id=\"ff67c75\" data-element_type=\"container\" data-e-type=\"container\">\n\t\t\t\t<\/div>\n\t\t<div class=\"elementor-element elementor-element-7bb3d55 e-con-full e-flex e-con e-child\" data-id=\"7bb3d55\" data-element_type=\"container\" data-e-type=\"container\">\n\t\t\t\t<\/div>\n\t\t\t\t<\/div>\n\t\t\t\t<\/div>\n\t\t\t\t<\/div>\n\t\t\t\t<\/div>\n\t\t\t\t<\/div>","protected":false},"excerpt":{"rendered":"<p>EGIPTUS Puhas vesi, korallrifid ja unikaalsed sukeldumis-v\u00f5imalused t\u00f5id tormilistel 80-ndatel aastatel turismihuvi Egiptusesse. \u00a0 T\u00e4naseks on Hurghada ja Sharm El Sheikh Euroopa, Ameerika, Egiptuse ja araabia turistide seas populaarsed kuurordid. \u00a0 Hurghada on eriti armastatud snorkeldamis- ja sukeldumisv\u00f5imaluste t\u00f5ttu, siin on palju kauneid ja unikaalseid korallriffe. Populaarsed ajaveetmisviisid on s\u00fcgavmere kalap\u00fc\u00fck, lainelaudlemine ja purjetamine. \u00a0 &hellip;<\/p>\n<p class=\"read-more\"> <a class=\"\" href=\"https:\/\/viktoria.mirski.ee\/ru\/egiptus\/\"> <span class=\"screen-reader-text\">\u0415\u0433\u0438\u043f\u0435\u0442<\/span> \u0427\u0438\u0442\u0430\u0442\u044c \u0434\u0430\u043b\u0435\u0435 &raquo;<\/a><\/p>","protected":false},"author":1,"featured_media":0,"parent":0,"menu_order":0,"comment_status":"closed","ping_status":"closed","template":"","meta":{"_crdt_document":"","site-sidebar-layout":"no-sidebar","site-content-layout":"page-builder","ast-site-content-layout":"full-width-container","site-content-style":"default","site-sidebar-style":"default","ast-global-header-display":"","ast-banner-title-visibility":"","ast-main-header-display":"","ast-hfb-above-header-display":"","ast-hfb-below-header-display":"","ast-hfb-mobile-header-display":"","site-post-title":"disabled","ast-breadcrumbs-content":"","ast-featured-img":"disabled","footer-sml-layout":"","theme-transparent-header-meta":"","adv-header-id-meta":"","stick-header-meta":"","header-above-stick-meta":"","header-main-stick-meta":"","header-below-stick-meta":"","astra-migrate-meta-layouts":"set","footnotes":""},"class_list":["post-2317","page","type-page","status-publish","hentry"],"aioseo_notices":[],"_links":{"self":[{"href":"https:\/\/viktoria.mirski.ee\/ru\/wp-json\/wp\/v2\/pages\/2317","targetHints":{"allow":["GET"]}}],"collection":[{"href":"https:\/\/viktoria.mirski.ee\/ru\/wp-json\/wp\/v2\/pages"}],"about":[{"href":"https:\/\/viktoria.mirski.ee\/ru\/wp-json\/wp\/v2\/types\/page"}],"author":[{"embeddable":true,"href":"https:\/\/viktoria.mirski.ee\/ru\/wp-json\/wp\/v2\/users\/1"}],"replies":[{"embeddable":true,"href":"https:\/\/viktoria.mirski.ee\/ru\/wp-json\/wp\/v2\/comments?post=2317"}],"version-history":[{"count":48,"href":"https:\/\/viktoria.mirski.ee\/ru\/wp-json\/wp\/v2\/pages\/2317\/revisions"}],"predecessor-version":[{"id":3335,"href":"https:\/\/viktoria.mirski.ee\/ru\/wp-json\/wp\/v2\/pages\/2317\/revisions\/3335"}],"wp:attachment":[{"href":"https:\/\/viktoria.mirski.ee\/ru\/wp-json\/wp\/v2\/media?parent=2317"}],"curies":[{"name":"wp","href":"https:\/\/api.w.org\/{rel}","templated":true}]}}