{"id":2309,"date":"2023-11-13T21:00:44","date_gmt":"2023-11-13T21:00:44","guid":{"rendered":"https:\/\/viktoria.mirski.ee\/?page_id=2309"},"modified":"2023-12-06T22:37:05","modified_gmt":"2023-12-06T20:37:05","slug":"tenerife-2","status":"publish","type":"page","link":"https:\/\/viktoria.mirski.ee\/et\/tenerife-2\/","title":{"rendered":"Tenerife"},"content":{"rendered":"\t\t<div data-elementor-type=\"wp-page\" data-elementor-id=\"2309\" class=\"elementor elementor-2309\">\n\t\t\t\t<div class=\"elementor-element elementor-element-0f7d544 e-con-full e-flex e-con e-parent\" data-id=\"0f7d544\" data-element_type=\"container\" data-e-type=\"container\" data-settings=\"{&quot;background_background&quot;:&quot;classic&quot;}\">\n\t\t\t\t<div class=\"elementor-element elementor-element-51366eb elementor-widget__width-inherit elementor-widget elementor-widget-heading\" data-id=\"51366eb\" data-element_type=\"widget\" data-e-type=\"widget\" data-widget_type=\"heading.default\">\n\t\t\t\t<div class=\"elementor-widget-container\">\n\t\t\t\t\t<h2 class=\"elementor-heading-title elementor-size-default\">TENERIFE\n\n<\/h2>\t\t\t\t<\/div>\n\t\t\t\t<\/div>\n\t\t<div class=\"elementor-element elementor-element-4a8d277 e-con-full e-flex e-con e-child\" data-id=\"4a8d277\" data-element_type=\"container\" data-e-type=\"container\">\n\t\t\t\t<div class=\"elementor-element elementor-element-77d5e54 elementor-widget elementor-widget-text-editor\" data-id=\"77d5e54\" data-element_type=\"widget\" data-e-type=\"widget\" data-widget_type=\"text-editor.default\">\n\t\t\t\t<div class=\"elementor-widget-container\">\n\t\t\t\t\t\t\t\t\t<p>Tenerife r\u00f5\u00f5mustab teid p\u00e4ikselise ja sooja ilmaga ka talvel: <span data-ccp-props=\"{&quot;134233117&quot;:false,&quot;134233118&quot;:false,&quot;201341983&quot;:0,&quot;335551550&quot;:0,&quot;335551620&quot;:0,&quot;335559738&quot;:240,&quot;335559739&quot;:240,&quot;335559740&quot;:259}\">\u00a0<\/span><\/p><p><span data-contrast=\"none\"><strong>\u2714<\/strong><strong>\ufe0f<\/strong> <\/span><strong>Suurep\u00e4rane kliima.<\/strong> Seal on madal \u00f5huniiskus,temperatuur ei lange tavaliselt alla 22\u00b0C. Vesi on 19+\u00b0Cst \u2013 p\u00fcsivalt nii suvel kui talvel ligikaudu sama. \u00a0<\/p><p><span data-contrast=\"none\"><strong>\u2714<\/strong><strong>\ufe0f<\/strong> <\/span><strong>Palju p\u00e4ikest<\/strong>. Rekordarv p\u00e4ikesepaistelisi p\u00e4evi ja harvaesinev vihm k\u00f5lab talveks ideaalse variandina, eks? On aeg D-vitamiini varuda ja ookeanikohina saatel soojal liival peesitada!<\/p>\t\t\t\t\t\t\t\t<\/div>\n\t\t\t\t<\/div>\n\t\t\t\t<\/div>\n\t\t<div class=\"elementor-element elementor-element-784a1c3 e-con-full e-flex e-con e-child\" data-id=\"784a1c3\" data-element_type=\"container\" data-e-type=\"container\">\n\t\t\t\t<div class=\"elementor-element elementor-element-823542b elementor-widget elementor-widget-heading\" data-id=\"823542b\" data-element_type=\"widget\" data-e-type=\"widget\" data-widget_type=\"heading.default\">\n\t\t\t\t<div class=\"elementor-widget-container\">\n\t\t\t\t\t<h2 class=\"elementor-heading-title elementor-size-default\"><b>Reisikalender<\/h2>\t\t\t\t<\/div>\n\t\t\t\t<\/div>\n\t\t\t\t<div class=\"elementor-element elementor-element-df758a7 elementor-widget elementor-widget-text-editor\" data-id=\"df758a7\" data-element_type=\"widget\" data-e-type=\"widget\" data-widget_type=\"text-editor.default\">\n\t\t\t\t<div class=\"elementor-widget-container\">\n\t\t\t\t\t\t\t\t\t<div dir=\"auto\">Lend \u201cAir Baltic\u201d regulaarlendudel.<\/div><div dir=\"auto\">Lennud Tenerifele Tallinnast, Vilniusest ja Riiast.<\/div><div dir=\"auto\">Pagasi kaal \u2014 kuni 23 kg, k\u00e4sipagasi kaal \u2014 kuni 8 kg.<\/div><div dir=\"auto\">\u00a0<\/div><div dir=\"auto\"><p><strong>Vilniusest<\/strong><span data-contrast=\"none\"> \u2014\u00a0alates 31.10.2023, igal teisip\u00e4eval ja reedel\u00a0<\/span><\/p><p><strong>Tallinnast<\/strong><span data-contrast=\"none\">\u00a0\u2014\u00a0alates 30.10.2023, igal esmasp\u00e4eval ja reedel\u00a0<\/span><\/p><p><strong>Riiast<\/strong><span data-contrast=\"none\">\u00a0\u2014 alates 28.10.2023, igal laup\u00e4eval<\/span><\/p><p>\u00a0<\/p><p><strong><span data-contrast=\"none\">Professionaalsed giidid<\/span><\/strong><strong>.\u00a0<\/strong>ITravexi meeskond aitab hea meelega igal meie reisijal lahendada k\u00f5iki probleeme, mis tekkida v\u00f5ivad.<\/p><p>\u00a0<\/p><p>Suur hulk <strong>huvitavaid ekskursioone,<\/strong> kus saab uusi teadmisi, emotsioone ja imelisi m\u00e4lestusi.<span data-ccp-props=\"{&quot;134233117&quot;:false,&quot;134233118&quot;:false,&quot;201341983&quot;:0,&quot;335551550&quot;:0,&quot;335551620&quot;:0,&quot;335559738&quot;:0,&quot;335559739&quot;:0,&quot;335559740&quot;:259}\">\u00a0<\/span><\/p><p>\u00a0<\/p><strong><span data-contrast=\"none\">Lai valik hotelle,<\/span><\/strong> kuhu tahaks ikka ja j\u00e4lle tagasi minna.<\/div>\t\t\t\t\t\t\t\t<\/div>\n\t\t\t\t<\/div>\n\t\t\t\t<\/div>\n\t\t<div class=\"elementor-element elementor-element-8deb3c4 e-con-full e-flex e-con e-child\" data-id=\"8deb3c4\" data-element_type=\"container\" data-e-type=\"container\">\n\t\t\t\t<div class=\"elementor-element elementor-element-9900763 elementor-widget elementor-widget-heading\" data-id=\"9900763\" data-element_type=\"widget\" data-e-type=\"widget\" data-widget_type=\"heading.default\">\n\t\t\t\t<div class=\"elementor-widget-container\">\n\t\t\t\t\t<h2 class=\"elementor-heading-title elementor-size-default\">Hotellid\n<\/h2>\t\t\t\t<\/div>\n\t\t\t\t<\/div>\n\t\t<div class=\"elementor-element elementor-element-f87f01e e-con-full e-flex e-con e-child\" data-id=\"f87f01e\" data-element_type=\"container\" data-e-type=\"container\">\n\t\t<div class=\"elementor-element elementor-element-8f8c70d e-con-full e-flex e-con e-child\" data-id=\"8f8c70d\" data-element_type=\"container\" data-e-type=\"container\">\n\t\t<div class=\"elementor-element elementor-element-4eef66e e-con-full e-flex e-con e-child\" data-id=\"4eef66e\" data-element_type=\"container\" data-e-type=\"container\">\n\t\t\t\t<div class=\"elementor-element elementor-element-daae6f9 elementor-widget__width-inherit elementor-arrows-position-inside elementor-pagination-position-outside elementor-widget elementor-widget-image-carousel\" data-id=\"daae6f9\" data-element_type=\"widget\" data-e-type=\"widget\" data-settings=\"{&quot;navigation&quot;:&quot;both&quot;,&quot;autoplay&quot;:&quot;yes&quot;,&quot;pause_on_hover&quot;:&quot;yes&quot;,&quot;pause_on_interaction&quot;:&quot;yes&quot;,&quot;autoplay_speed&quot;:5000,&quot;infinite&quot;:&quot;yes&quot;,&quot;speed&quot;:500}\" data-widget_type=\"image-carousel.default\">\n\t\t\t\t<div class=\"elementor-widget-container\">\n\t\t\t\t\t\t\t<div class=\"elementor-image-carousel-wrapper swiper\" role=\"region\" aria-roledescription=\"carousel\" aria-label=\"Image Carousel\" dir=\"ltr\">\n\t\t\t<div class=\"elementor-image-carousel swiper-wrapper\" aria-live=\"off\">\n\t\t\t\t\t\t\t\t<div class=\"swiper-slide\" role=\"group\" aria-roledescription=\"slide\" aria-label=\"1 \u0438\u0437 2\"><figure class=\"swiper-slide-inner\"><img decoding=\"async\" class=\"swiper-slide-image\" src=\"https:\/\/viktoria.mirski.ee\/wp-content\/uploads\/2023\/11\/4277738-2-150x150.jpg\" alt=\"4277738\" \/><\/figure><\/div><div class=\"swiper-slide\" role=\"group\" aria-roledescription=\"slide\" aria-label=\"2 \u0438\u0437 2\"><figure class=\"swiper-slide-inner\"><img decoding=\"async\" class=\"swiper-slide-image\" src=\"https:\/\/viktoria.mirski.ee\/wp-content\/uploads\/2023\/11\/rixos-seagate-4-150x150.jpg\" alt=\"rixos seagate 4\" \/><\/figure><\/div>\t\t\t<\/div>\n\t\t\t\t\t\t\t\t\t\t\t\t<div class=\"elementor-swiper-button elementor-swiper-button-prev\" role=\"button\" tabindex=\"0\">\n\t\t\t\t\t\t<i aria-hidden=\"true\" class=\"eicon-chevron-left\"><\/i>\t\t\t\t\t<\/div>\n\t\t\t\t\t<div class=\"elementor-swiper-button elementor-swiper-button-next\" role=\"button\" tabindex=\"0\">\n\t\t\t\t\t\t<i aria-hidden=\"true\" class=\"eicon-chevron-right\"><\/i>\t\t\t\t\t<\/div>\n\t\t\t\t\n\t\t\t\t\t\t\t\t\t<div class=\"swiper-pagination\"><\/div>\n\t\t\t\t\t\t\t\t\t<\/div>\n\t\t\t\t\t\t<\/div>\n\t\t\t\t<\/div>\n\t\t\t\t<\/div>\n\t\t<div class=\"elementor-element elementor-element-433cb96 e-con-full e-flex e-con e-child\" data-id=\"433cb96\" data-element_type=\"container\" data-e-type=\"container\">\n\t\t\t\t<div class=\"elementor-element elementor-element-fcd8929 elementor-widget elementor-widget-heading\" data-id=\"fcd8929\" data-element_type=\"widget\" data-e-type=\"widget\" data-widget_type=\"heading.default\">\n\t\t\t\t<div class=\"elementor-widget-container\">\n\t\t\t\t\t<h2 class=\"elementor-heading-title elementor-size-default\">Name<\/h2>\t\t\t\t<\/div>\n\t\t\t\t<\/div>\n\t\t\t\t<\/div>\n\t\t\t\t<\/div>\n\t\t\t\t<\/div>\n\t\t<div class=\"elementor-element elementor-element-aab1cdc e-con-full e-flex e-con e-child\" data-id=\"aab1cdc\" data-element_type=\"container\" data-e-type=\"container\">\n\t\t\t\t<div class=\"elementor-element elementor-element-3fef27e elementor-widget elementor-widget-heading\" data-id=\"3fef27e\" data-element_type=\"widget\" data-e-type=\"widget\" data-widget_type=\"heading.default\">\n\t\t\t\t<div class=\"elementor-widget-container\">\n\t\t\t\t\t<h2 class=\"elementor-heading-title elementor-size-default\">City<\/h2>\t\t\t\t<\/div>\n\t\t\t\t<\/div>\n\t\t<div class=\"elementor-element elementor-element-30f1060 e-con-full e-flex e-con e-child\" data-id=\"30f1060\" data-element_type=\"container\" data-e-type=\"container\">\n\t\t<div class=\"elementor-element elementor-element-ff67c75 e-con-full e-flex e-con e-child\" data-id=\"ff67c75\" data-element_type=\"container\" data-e-type=\"container\">\n\t\t\t\t<div class=\"elementor-element elementor-element-aa34dad elementor-widget elementor-widget-heading\" data-id=\"aa34dad\" data-element_type=\"widget\" data-e-type=\"widget\" data-widget_type=\"heading.default\">\n\t\t\t\t<div class=\"elementor-widget-container\">\n\t\t\t\t\t<h2 class=\"elementor-heading-title elementor-size-default\">Name<\/h2>\t\t\t\t<\/div>\n\t\t\t\t<\/div>\n\t\t\t\t<\/div>\n\t\t<div class=\"elementor-element elementor-element-7bb3d55 e-con-full e-flex e-con e-child\" data-id=\"7bb3d55\" data-element_type=\"container\" data-e-type=\"container\">\n\t\t\t\t<div class=\"elementor-element elementor-element-0292fa1 elementor-widget elementor-widget-heading\" data-id=\"0292fa1\" data-element_type=\"widget\" data-e-type=\"widget\" data-widget_type=\"heading.default\">\n\t\t\t\t<div class=\"elementor-widget-container\">\n\t\t\t\t\t<h2 class=\"elementor-heading-title elementor-size-default\">Name<\/h2>\t\t\t\t<\/div>\n\t\t\t\t<\/div>\n\t\t\t\t<\/div>\n\t\t\t\t<\/div>\n\t\t\t\t<\/div>\n\t\t\t\t<\/div>\n\t\t\t\t<\/div>\n\t\t\t\t<\/div>\n\t\t","protected":false},"excerpt":{"rendered":"<p>TENERIFE Tenerife r\u00f5\u00f5mustab teid p\u00e4ikselise ja sooja ilmaga ka talvel: \u00a0 \u2714\ufe0f Suurep\u00e4rane kliima. Seal on madal \u00f5huniiskus,temperatuur ei lange tavaliselt alla 22\u00b0C. Vesi on 19+\u00b0Cst \u2013 p\u00fcsivalt nii suvel kui talvel ligikaudu sama. \u00a0 \u2714\ufe0f Palju p\u00e4ikest. Rekordarv p\u00e4ikesepaistelisi p\u00e4evi ja harvaesinev vihm k\u00f5lab talveks ideaalse variandina, eks? On aeg D-vitamiini varuda ja ookeanikohina &hellip;<\/p>\n<p class=\"read-more\"> <a class=\"\" href=\"https:\/\/viktoria.mirski.ee\/et\/tenerife-2\/\"> <span class=\"screen-reader-text\">Tenerife<\/span> Read More &raquo;<\/a><\/p>\n","protected":false},"author":1,"featured_media":0,"parent":0,"menu_order":0,"comment_status":"closed","ping_status":"closed","template":"","meta":{"_crdt_document":"","site-sidebar-layout":"no-sidebar","site-content-layout":"page-builder","ast-site-content-layout":"full-width-container","site-content-style":"default","site-sidebar-style":"default","ast-global-header-display":"","ast-banner-title-visibility":"","ast-main-header-display":"","ast-hfb-above-header-display":"","ast-hfb-below-header-display":"","ast-hfb-mobile-header-display":"","site-post-title":"disabled","ast-breadcrumbs-content":"","ast-featured-img":"disabled","footer-sml-layout":"","theme-transparent-header-meta":"","adv-header-id-meta":"","stick-header-meta":"","header-above-stick-meta":"","header-main-stick-meta":"","header-below-stick-meta":"","astra-migrate-meta-layouts":"set","footnotes":""},"class_list":["post-2309","page","type-page","status-publish","hentry"],"aioseo_notices":[],"_links":{"self":[{"href":"https:\/\/viktoria.mirski.ee\/et\/wp-json\/wp\/v2\/pages\/2309","targetHints":{"allow":["GET"]}}],"collection":[{"href":"https:\/\/viktoria.mirski.ee\/et\/wp-json\/wp\/v2\/pages"}],"about":[{"href":"https:\/\/viktoria.mirski.ee\/et\/wp-json\/wp\/v2\/types\/page"}],"author":[{"embeddable":true,"href":"https:\/\/viktoria.mirski.ee\/et\/wp-json\/wp\/v2\/users\/1"}],"replies":[{"embeddable":true,"href":"https:\/\/viktoria.mirski.ee\/et\/wp-json\/wp\/v2\/comments?post=2309"}],"version-history":[{"count":37,"href":"https:\/\/viktoria.mirski.ee\/et\/wp-json\/wp\/v2\/pages\/2309\/revisions"}],"predecessor-version":[{"id":3336,"href":"https:\/\/viktoria.mirski.ee\/et\/wp-json\/wp\/v2\/pages\/2309\/revisions\/3336"}],"wp:attachment":[{"href":"https:\/\/viktoria.mirski.ee\/et\/wp-json\/wp\/v2\/media?parent=2309"}],"curies":[{"name":"wp","href":"https:\/\/api.w.org\/{rel}","templated":true}]}}