{"id":2301,"date":"2023-11-13T20:58:04","date_gmt":"2023-11-13T20:58:04","guid":{"rendered":"https:\/\/viktoria.mirski.ee\/?page_id=2301"},"modified":"2023-12-03T21:37:02","modified_gmt":"2023-12-03T19:37:02","slug":"sansibar","status":"publish","type":"page","link":"https:\/\/viktoria.mirski.ee\/et\/sansibar\/","title":{"rendered":"Sansibar"},"content":{"rendered":"\t\t<div data-elementor-type=\"wp-page\" data-elementor-id=\"2301\" class=\"elementor elementor-2301\">\n\t\t\t\t<div class=\"elementor-element elementor-element-0f7d544 e-con-full e-flex e-con e-parent\" data-id=\"0f7d544\" data-element_type=\"container\" data-e-type=\"container\" data-settings=\"{&quot;background_background&quot;:&quot;classic&quot;}\">\n\t\t\t\t<div class=\"elementor-element elementor-element-51366eb elementor-widget__width-inherit elementor-widget elementor-widget-heading\" data-id=\"51366eb\" data-element_type=\"widget\" data-e-type=\"widget\" data-widget_type=\"heading.default\">\n\t\t\t\t<div class=\"elementor-widget-container\">\n\t\t\t\t\t<h2 class=\"elementor-heading-title elementor-size-default\">Sanzibar\n<\/h2>\t\t\t\t<\/div>\n\t\t\t\t<\/div>\n\t\t<div class=\"elementor-element elementor-element-4a8d277 e-con-full e-flex e-con e-child\" data-id=\"4a8d277\" data-element_type=\"container\" data-e-type=\"container\">\n\t\t\t\t<div class=\"elementor-element elementor-element-77d5e54 elementor-widget elementor-widget-text-editor\" data-id=\"77d5e54\" data-element_type=\"widget\" data-e-type=\"widget\" data-widget_type=\"text-editor.default\">\n\t\t\t\t<div class=\"elementor-widget-container\">\n\t\t\t\t\t\t\t\t\t<p>Avastage paika, kus leiate Kilimanjaro tipud, metsikud savannid, India ookeani paradiisirannad, p\u00e4ikesepaiste, mis kingib d-vitamiini ja maasaid oma v\u00e4rviliste rituaalidega! Jah, saite \u00f5igesti aru \u2013 sel hooajal saate reisida koos Join UP!-iga Tansaaniasse.<\/p><p>\u00a0<\/p><p>Kas olete valmis vahetama k\u00fclma talve helgete seikluste vastu Aafrikas? Meie samuti! Oleme juba k\u00f5ik ette valmistanud, et reis Sansibarile oleks v\u00f5imalikult mugav ja s\u00fcndmusterohke!<\/p><p>\u00a0<\/p><p>Sansibar on eriline eksootiline maailm, mis on t\u00e4is saladusi, \u00fcllatusi ja k\u00f5ike uut. 8-aastase t\u00f6\u00f6 jooksul oleme p\u00f5hjalikult uurinud ka saare k\u00f5ige kaugemaid nurki ja n\u00fc\u00fcd anname teile v\u00f5imaluse tunda seda sihtkohta k\u00f5igi retseptoritega.<\/p><p>\u00a0<\/p><p><strong>KOHTUGE SANSIBARIGA!<\/strong><\/p><p>\u00a0<\/p><p><span class=\"x1xsqp64 xiy17q3 x1o6pynw x19co3pv xdj266r xcwd3tp xat24cr x39eecv x2b8uid\" data-testid=\"emoji\"><span class=\"xexx8yu xn5pp95 x18d9i69 x2fxd7x x1yqt14a x1bhl96m\">\ud83c\udf34<\/span><\/span>Avage lastele muljetavaldavat loomamaailma: n\u00e4hke Safari metsikus savannis <strong>Simba kivi ja \u201cAafrika viisikut\u201d<\/strong>\u00a0\u2013\u00a0<strong>elevante, l\u00f5visid, ninasarvikuid, leoparde ja p\u00fchvleid; tutvustage neile naljakaid punaseid ahve Jozani pargis.<\/strong>\u00a0Safarile v\u00f5ib julgelt minna alates\u00a0<strong>4-5-aastaste lastega.<\/strong>\u00a0Kujutage vaid ette, kui palju r\u00f5\u00f5mu tunnevad lapsed, kui nad n\u00e4evad k\u00f5iki neid eksootilisi loomi oma lemmikmultifilmidest ja -raamatutest oma silmaga!<\/p><p>\u00a0<\/p><p><span class=\"x1xsqp64 xiy17q3 x1o6pynw x19co3pv xdj266r xcwd3tp xat24cr x39eecv x2b8uid\" data-testid=\"emoji\"><span class=\"xexx8yu xn5pp95 x18d9i69 x2fxd7x x1yqt14a x1bhl96m\">\ud83c\udf34<\/span><\/span>Imetlege traditsioonilise\u00a0<strong>showkruiisi ajal delfiine.<\/strong><\/p><p>\u00a0<\/p><p><span class=\"x1xsqp64 xiy17q3 x1o6pynw x19co3pv xdj266r xcwd3tp xat24cr x39eecv x2b8uid\" data-testid=\"emoji\"><span class=\"xexx8yu xn5pp95 x18d9i69 x2fxd7x x1yqt14a x1bhl96m\">\ud83c\udf34<\/span><\/span>N\u00e4hke v\u00f5imalikult l\u00e4hedalt p\u00f5lisrahva kultuuri:\u00a0<strong>j\u00e4lgige Masai h\u00f5imu tantse,<\/strong>\u00a0kelle esindajad on \u00fched k\u00f5ige pikemad inimesed maailmas.<\/p><p>\u00a0<\/p><p><span class=\"x1xsqp64 xiy17q3 x1o6pynw x19co3pv xdj266r xcwd3tp xat24cr x39eecv x2b8uid\" data-testid=\"emoji\"><span class=\"xexx8yu xn5pp95 x18d9i69 x2fxd7x x1yqt14a x1bhl96m\">\ud83c\udf34<\/span><\/span>Parvetage Rufiji j\u00f5el, et hingata sisse\u00a0<strong>Ida-Aafrika suurimate mangroovimetsade<\/strong>\u00a0\u00f5hku ja n\u00e4ha, kuidas rannikuk\u00fclades elatakse.<\/p><p>\u00a0<\/p><p><span class=\"x1xsqp64 xiy17q3 x1o6pynw x19co3pv xdj266r xcwd3tp xat24cr x39eecv x2b8uid\" data-testid=\"emoji\"><span class=\"xexx8yu xn5pp95 x18d9i69 x2fxd7x x1yqt14a x1bhl96m\">\ud83c\udf34<\/span><\/span>Tunnetage Aafrika soojust, sealhulgas isegi kuumi\u00a0<strong>vulkaanilisi allikaid Beho-Beho k\u00fcngaste l\u00e4hedal.<\/strong><\/p><p>\u00a0<\/p><p><span class=\"x1xsqp64 xiy17q3 x1o6pynw x19co3pv xdj266r xcwd3tp xat24cr x39eecv x2b8uid\" data-testid=\"emoji\"><span class=\"xexx8yu xn5pp95 x18d9i69 x2fxd7x x1yqt14a x1bhl96m\">\ud83c\udf34<\/span><\/span>Uurige k\u00f5iki p\u00e4ikeseloojangu varjundeid India ookeani kohal ja k\u00f5iki troopiliste kalade v\u00e4rve\u00a0<strong>Vanglasaare rannikul,<\/strong>\u00a0kuhu saadeti kunagi k\u00f5ige p\u00f5genemisohtlikumad orjad.<\/p><p>\u00a0<\/p><p><span class=\"x1xsqp64 xiy17q3 x1o6pynw x19co3pv xdj266r xcwd3tp xat24cr x39eecv x2b8uid\" data-testid=\"emoji\"><span class=\"xexx8yu xn5pp95 x18d9i69 x2fxd7x x1yqt14a x1bhl96m\">\ud83c\udf34<\/span><\/span>Nautige kohalikku, v\u00f5ib-olla isegi oma k\u00e4tega p\u00fc\u00fctud, tuunikala maitset; maitske rambutaneid, papaiat, kookosp\u00e4hkleid ja rohkem kui 10 sorti banaane ning loomulikult proovige mandazi \u2013 Aafrika pirukaid. Ja muidugi ka muid\u00a0<strong>suahiili roogasid Freddie Mercury kodulinnas<\/strong>.<\/p>\t\t\t\t\t\t\t\t<\/div>\n\t\t\t\t<\/div>\n\t\t\t\t<\/div>\n\t\t<div class=\"elementor-element elementor-element-784a1c3 e-con-full e-flex e-con e-child\" data-id=\"784a1c3\" data-element_type=\"container\" data-e-type=\"container\">\n\t\t\t\t<div class=\"elementor-element elementor-element-823542b elementor-widget elementor-widget-heading\" data-id=\"823542b\" data-element_type=\"widget\" data-e-type=\"widget\" data-widget_type=\"heading.default\">\n\t\t\t\t<div class=\"elementor-widget-container\">\n\t\t\t\t\t<h2 class=\"elementor-heading-title elementor-size-default\"><b>Reisikalender<\/b><\/h2>\t\t\t\t<\/div>\n\t\t\t\t<\/div>\n\t\t\t\t<div class=\"elementor-element elementor-element-df758a7 elementor-widget elementor-widget-text-editor\" data-id=\"df758a7\" data-element_type=\"widget\" data-e-type=\"widget\" data-widget_type=\"text-editor.default\">\n\t\t\t\t<div class=\"elementor-widget-container\">\n\t\t\t\t\t\t\t\t\t<p><span class=\"ui-provider ec ccl bru ccm ccn cco ccp ccq ccr ccs cct ccu ccv ccw ccx ccy ccz cda cdb cdc cdd cde cdf cdg cdh cdi cdj cdk cdl cdm cdn cdo cdp cdq cdr\"><span class=\"ui-provider ec bxz buf bya byb byc byd bye byf byg byh byi byj byk byl bym byn byo byp byq byr bys byt byu byv byw byx byy byz bza bzb bzc bzd bze bzf\">Otselend Sansibarile (tehnilise peatusega Hurghadas)!<\/span><\/span><\/p><p>Lendame Sansibarile Varssavist alates 29. oktoobrist\u00a02 korda n\u00e4dalas alates.<\/p><p>\u00a0<\/p><p><span class=\"ellips-title-green\"><strong>Viisa ja vaktsineerimine<\/strong><\/span><\/p><p>\u00a0<\/p><p>Sansibarile sisenemiseks ei ole vaktsineerimine kohustuslik. Kesk-Aafrika riikidest saabuvatel reisijatel soovitatakse end kollapalaviku vastu vaktsineerida, kui nad plaanivad Safari reisi mandril.<\/p><p>\u00a0<\/p><p>Saabumisel t\u00e4idavad reisijad migratsioonikaardi ja saabumisankeedi ning nende dokumentidega suunduvad viisa eest tasuma.<\/p><p>Passikontrollis v\u00f5etakse s\u00f5rmej\u00e4ljed, esitatakse pass ja migratsioonikaart (v\u00e4ljastatakse lennukis enne pardaleminekut v\u00f5i passikontrollisaalis). Osa kaardist j\u00e4\u00e4b reisijale \u2013 see tuleb tagasilennuks alles hoida.<\/p><p>\u00a0<\/p><div class=\"important_block_post\"><p><strong>T\u00e4htis!<\/strong>\u00a0Pass peab kehtima v\u00e4hemalt 6 kuud alates reisi alguskuup\u00e4evast.<\/p><\/div>\t\t\t\t\t\t\t\t<\/div>\n\t\t\t\t<\/div>\n\t\t\t\t<\/div>\n\t\t<div class=\"elementor-element elementor-element-8deb3c4 e-con-full e-flex e-con e-child\" data-id=\"8deb3c4\" data-element_type=\"container\" data-e-type=\"container\">\n\t\t\t\t<div class=\"elementor-element elementor-element-9900763 elementor-widget elementor-widget-heading\" data-id=\"9900763\" data-element_type=\"widget\" data-e-type=\"widget\" data-widget_type=\"heading.default\">\n\t\t\t\t<div class=\"elementor-widget-container\">\n\t\t\t\t\t<h2 class=\"elementor-heading-title elementor-size-default\">\n<\/h2>\t\t\t\t<\/div>\n\t\t\t\t<\/div>\n\t\t<div class=\"elementor-element elementor-element-f87f01e e-con-full e-flex e-con e-child\" data-id=\"f87f01e\" data-element_type=\"container\" data-e-type=\"container\">\n\t\t<div class=\"elementor-element elementor-element-8f8c70d e-con-full e-flex e-con e-child\" data-id=\"8f8c70d\" data-element_type=\"container\" data-e-type=\"container\">\n\t\t<div class=\"elementor-element elementor-element-4eef66e e-con-full e-flex e-con e-child\" data-id=\"4eef66e\" data-element_type=\"container\" data-e-type=\"container\">\n\t\t\t\t<div class=\"elementor-element elementor-element-daae6f9 elementor-widget__width-inherit elementor-arrows-position-inside elementor-pagination-position-outside elementor-widget elementor-widget-image-carousel\" data-id=\"daae6f9\" data-element_type=\"widget\" data-e-type=\"widget\" data-settings=\"{&quot;navigation&quot;:&quot;both&quot;,&quot;autoplay&quot;:&quot;yes&quot;,&quot;pause_on_hover&quot;:&quot;yes&quot;,&quot;pause_on_interaction&quot;:&quot;yes&quot;,&quot;autoplay_speed&quot;:5000,&quot;infinite&quot;:&quot;yes&quot;,&quot;speed&quot;:500}\" data-widget_type=\"image-carousel.default\">\n\t\t\t\t<div class=\"elementor-widget-container\">\n\t\t\t\t\t\t\t<div class=\"elementor-image-carousel-wrapper swiper\" role=\"region\" aria-roledescription=\"carousel\" aria-label=\"Image Carousel\" dir=\"ltr\">\n\t\t\t<div class=\"elementor-image-carousel swiper-wrapper\" aria-live=\"off\">\n\t\t\t\t\t\t\t\t<div class=\"swiper-slide\" role=\"group\" aria-roledescription=\"slide\" aria-label=\"1 \u0438\u0437 2\"><figure class=\"swiper-slide-inner\"><img decoding=\"async\" class=\"swiper-slide-image\" src=\"https:\/\/viktoria.mirski.ee\/wp-content\/uploads\/2023\/11\/4277738-2-150x150.jpg\" alt=\"4277738\" \/><\/figure><\/div><div class=\"swiper-slide\" role=\"group\" aria-roledescription=\"slide\" aria-label=\"2 \u0438\u0437 2\"><figure class=\"swiper-slide-inner\"><img decoding=\"async\" class=\"swiper-slide-image\" src=\"https:\/\/viktoria.mirski.ee\/wp-content\/uploads\/2023\/11\/rixos-seagate-4-150x150.jpg\" alt=\"rixos seagate 4\" \/><\/figure><\/div>\t\t\t<\/div>\n\t\t\t\t\t\t\t\t\t\t\t\t<div class=\"elementor-swiper-button elementor-swiper-button-prev\" role=\"button\" tabindex=\"0\">\n\t\t\t\t\t\t<i aria-hidden=\"true\" class=\"eicon-chevron-left\"><\/i>\t\t\t\t\t<\/div>\n\t\t\t\t\t<div class=\"elementor-swiper-button elementor-swiper-button-next\" role=\"button\" tabindex=\"0\">\n\t\t\t\t\t\t<i aria-hidden=\"true\" class=\"eicon-chevron-right\"><\/i>\t\t\t\t\t<\/div>\n\t\t\t\t\n\t\t\t\t\t\t\t\t\t<div class=\"swiper-pagination\"><\/div>\n\t\t\t\t\t\t\t\t\t<\/div>\n\t\t\t\t\t\t<\/div>\n\t\t\t\t<\/div>\n\t\t\t\t<\/div>\n\t\t<div class=\"elementor-element elementor-element-433cb96 e-con-full e-flex e-con e-child\" data-id=\"433cb96\" data-element_type=\"container\" data-e-type=\"container\">\n\t\t\t\t<\/div>\n\t\t\t\t<\/div>\n\t\t\t\t<\/div>\n\t\t<div class=\"elementor-element elementor-element-aab1cdc e-con-full e-flex e-con e-child\" data-id=\"aab1cdc\" data-element_type=\"container\" data-e-type=\"container\">\n\t\t<div class=\"elementor-element elementor-element-30f1060 e-con-full e-flex e-con e-child\" data-id=\"30f1060\" data-element_type=\"container\" data-e-type=\"container\">\n\t\t<div class=\"elementor-element elementor-element-ff67c75 e-con-full e-flex e-con e-child\" data-id=\"ff67c75\" data-element_type=\"container\" data-e-type=\"container\">\n\t\t\t\t<\/div>\n\t\t<div class=\"elementor-element elementor-element-7bb3d55 e-con-full e-flex e-con e-child\" data-id=\"7bb3d55\" data-element_type=\"container\" data-e-type=\"container\">\n\t\t\t\t<\/div>\n\t\t\t\t<\/div>\n\t\t\t\t<\/div>\n\t\t\t\t<\/div>\n\t\t\t\t<\/div>\n\t\t\t\t<\/div>\n\t\t","protected":false},"excerpt":{"rendered":"<p>Sanzibar Avastage paika, kus leiate Kilimanjaro tipud, metsikud savannid, India ookeani paradiisirannad, p\u00e4ikesepaiste, mis kingib d-vitamiini ja maasaid oma v\u00e4rviliste rituaalidega! Jah, saite \u00f5igesti aru \u2013 sel hooajal saate reisida koos Join UP!-iga Tansaaniasse. \u00a0 Kas olete valmis vahetama k\u00fclma talve helgete seikluste vastu Aafrikas? Meie samuti! Oleme juba k\u00f5ik ette valmistanud, et reis Sansibarile &hellip;<\/p>\n<p class=\"read-more\"> <a class=\"\" href=\"https:\/\/viktoria.mirski.ee\/et\/sansibar\/\"> <span class=\"screen-reader-text\">Sansibar<\/span> Read More &raquo;<\/a><\/p>\n","protected":false},"author":1,"featured_media":0,"parent":0,"menu_order":0,"comment_status":"closed","ping_status":"closed","template":"","meta":{"_crdt_document":"","site-sidebar-layout":"no-sidebar","site-content-layout":"page-builder","ast-site-content-layout":"full-width-container","site-content-style":"default","site-sidebar-style":"default","ast-global-header-display":"","ast-banner-title-visibility":"","ast-main-header-display":"","ast-hfb-above-header-display":"","ast-hfb-below-header-display":"","ast-hfb-mobile-header-display":"","site-post-title":"disabled","ast-breadcrumbs-content":"","ast-featured-img":"disabled","footer-sml-layout":"","theme-transparent-header-meta":"","adv-header-id-meta":"","stick-header-meta":"","header-above-stick-meta":"","header-main-stick-meta":"","header-below-stick-meta":"","astra-migrate-meta-layouts":"set","footnotes":""},"class_list":["post-2301","page","type-page","status-publish","hentry"],"aioseo_notices":[],"_links":{"self":[{"href":"https:\/\/viktoria.mirski.ee\/et\/wp-json\/wp\/v2\/pages\/2301","targetHints":{"allow":["GET"]}}],"collection":[{"href":"https:\/\/viktoria.mirski.ee\/et\/wp-json\/wp\/v2\/pages"}],"about":[{"href":"https:\/\/viktoria.mirski.ee\/et\/wp-json\/wp\/v2\/types\/page"}],"author":[{"embeddable":true,"href":"https:\/\/viktoria.mirski.ee\/et\/wp-json\/wp\/v2\/users\/1"}],"replies":[{"embeddable":true,"href":"https:\/\/viktoria.mirski.ee\/et\/wp-json\/wp\/v2\/comments?post=2301"}],"version-history":[{"count":51,"href":"https:\/\/viktoria.mirski.ee\/et\/wp-json\/wp\/v2\/pages\/2301\/revisions"}],"predecessor-version":[{"id":3339,"href":"https:\/\/viktoria.mirski.ee\/et\/wp-json\/wp\/v2\/pages\/2301\/revisions\/3339"}],"wp:attachment":[{"href":"https:\/\/viktoria.mirski.ee\/et\/wp-json\/wp\/v2\/media?parent=2301"}],"curies":[{"name":"wp","href":"https:\/\/api.w.org\/{rel}","templated":true}]}}